{"id":2594,"date":"2023-10-23T15:08:44","date_gmt":"2023-10-23T13:08:44","guid":{"rendered":"https:\/\/lubecka.law\/?post_type=product&#038;p=2594"},"modified":"2024-02-23T10:32:03","modified_gmt":"2024-02-23T09:32:03","slug":"biznes-prawny-od-srodka","status":"publish","type":"product","link":"https:\/\/lubecka.law\/en\/produkt\/biznes-prawny-od-srodka\/","title":{"rendered":"&#8220;Biznes prawny od \u015brodka. 10 krok\u00f3w na rozbieg&#8221; &#8211; e-book Joanny Lubeckiej"},"content":{"rendered":"<p><strong>E-book ,,Biznes prawny od \u015brodka. 10 krok\u00f3w na rozbieg\u2019\u2019<\/strong><\/p>\n<p>E-book pt. ,,Biznes prawny od \u015brodka. 10 krok\u00f3w na rozbieg\u2019\u2019 autorstwa Adwokat Joanny Lubeckiej to publikacja, kt\u00f3ra pokazuje kulisy budowania biznesu prawnego z poziomu zero. Jej celem jest prezentacja 10 krok\u00f3w rozwojowych pozwalaj\u0105cych na stworzenie w\u0142asnej kancelarii prawnej, kt\u00f3ra b\u0119dzie zmierza\u0142a w dobrym kierunku. Ca\u0142y proces rozwojowy opisany w ksi\u0105\u017cce ma za zadanie pokaza\u0107 jak zbudowa\u0107 co\u015b co ma by\u0107 nie tylko rentowne, ale te\u017c zdrowe i pozwalaj\u0105ce na czerpanie szcz\u0119\u015bcia z wykonywanej pracy prawnika.<\/p>\n<p><strong>Dla kogo przeznaczony jest e-book ,,Biznes prawny od \u015brodka. 10 krok\u00f3w na rozbieg\u2019\u2019?<\/strong><\/p>\n<p>E-book przeznaczony jest dla adwokat\u00f3w, radc\u00f3w prawnych, aplikant\u00f3w adwokackich i radcowskich oraz os\u00f3b wykonuj\u0105cych inne zawody prawnicze, kt\u00f3rzy:<\/p>\n<ul>\n<li>s\u0105 na pocz\u0105tku swojej drogi zawodowej;<\/li>\n<li>decyduj\u0105 si\u0119 na prowadzenie w\u0142asnej kancelarii lub powa\u017cnie rozwa\u017caj\u0105 ten krok;<\/li>\n<li>chc\u0105 u\u0142o\u017cy\u0107 swoj\u0105 prac\u0119 zawodow\u0105 w ramach w\u0142asnego biznesu w spos\u00f3b sensowny i zdrowy;<\/li>\n<li>rozwa\u017caj\u0105 zmian\u0119 formu\u0142y wykonywanego zawodu i przej\u015bcie na swoje lub tak\u0105 decyzj\u0119 ju\u017c podj\u0119\u0142y;<\/li>\n<li>prowadz\u0105 ju\u017c w\u0142asn\u0105 kancelari\u0119, jednak co\u015b jest nie tak i czuj\u0105, \u017ce trzeba to wszystko pouk\u0142ada\u0107 na nowo lub w jakim\u015b zakresie zmieni\u0107.<\/li>\n<\/ul>\n<p>E-book ,,Biznes prawny od \u015brodka\u2019\u2019 to pozycja dla prawnik\u00f3w, kt\u00f3rzy chc\u0105, aby ich praca zawodowa zajmowa\u0142a wa\u017cne, ale nie jedyne miejsce w \u017cyciu. Ksi\u0105\u017cka ta pokazuje, w jaki spos\u00f3b w praktyce postrzega\u0107 rozw\u00f3j w\u0142asnego biznesu prawnego i akceptowa\u0107 zdrowe tempo, w jakim to nast\u0119puje. W ksi\u0105\u017cce wielokrotnie pojawiaj\u0105 si\u0119 moje szczere zach\u0119ty do tego, aby zamiast na konkurencji skupi\u0107 si\u0119 po prostu na sobie. Publikacja pomaga r\u00f3wnie\u017c w wypracowaniu metod realizacji d\u0142ugofalowych projekt\u00f3w rozwojowych kancelarii. Dotyka problemu stresu zwi\u0105zanego z wykonywaniem zawodu prawnika. I nie zapomina o finansowej stronie prowadzonego biznesu prawnego.<\/p>\n<p>Cho\u0107 ka\u017cdy z nas ma sw\u00f3j punkt zero w innym miejscu, ufam, \u017ce b\u0119dzie to ksi\u0105\u017cka na ,,dobry pocz\u0105tek\u2019\u2019. Bo zawsze jest dobry moment, \u017ceby zacz\u0105\u0107, a czy nast\u0105pi to od zera, od \u015brodka, od ko\u0144ca czy po prostu od nowa \u2013 bez znaczenia.<\/p>\n<p><strong>Czego dowiesz si\u0119 z e-booka ,,Biznes prawny od \u015brodka. 10 krok\u00f3w na rozbieg\u2019\u2019?<\/strong><\/p>\n<p>E-book ,,Biznes prawny od \u015brodka. 10 krok\u00f3w na rozbieg\u2019\u2019 ma za zadanie pom\u00f3c Ci znale\u017a\u0107 odpowiedzi na pytania:<\/p>\n<ul>\n<li>Gdzie jeste\u015b i czy ci tam dobrze?<\/li>\n<li>Po co masz robi\u0107 biznes prawny?<\/li>\n<li>Co w ramach tego biznesu prawnego masz w\u0142a\u015bciwie robi\u0107?<\/li>\n<li>Jak\u0105 drog\u0105 doj\u015b\u0107 tam, gdzie zamierzasz i\u015b\u0107 i jakie tempo obra\u0107?<\/li>\n<li>Jak przemienia\u0107 rzeczy niezrobione w zrobione?<\/li>\n<li>Jak dba\u0107 o finansow\u0105 stron\u0119 biznesu prawnego?<\/li>\n<li>Jak upora\u0107 si\u0119 ze stresem w zawodzie prawnika?<\/li>\n<li>Czy wszystko powiniene\u015b robi\u0107 sam?<\/li>\n<li>Dlaczego warto monitorowa\u0107 to, co robimy i jaki to przynosi skutek?<\/li>\n<li>I wreszcie &#8211; jak nie zgubi\u0107 osobistej strony biznesu prawnego?<\/li>\n<\/ul>\n<p>Moim celem jest udzielenie praktycznych odpowiedzi, z przyk\u0142adami i pokazanie, jak budowa\u0107 kancelari\u0119 prawn\u0105 na \u017cywym organizmie.<\/p>\n<p>Nie przeczytasz tu o tym, jak za\u0142o\u017cy\u0107 dzia\u0142alno\u015b\u0107 gospodarcz\u0105 po zdanym egzaminie zawodowym, co to jest CEiDG i czy musisz kupi\u0107 ekspres do kawy oraz jak drogi powinien on by\u0107, aby zapewni\u0107 Twoich koleg\u00f3w i kole\u017canki po fachu, \u017ce jeste\u015b cz\u0142owiekiem sukcesu. Nie naucz\u0119 Ci\u0119 te\u017c jak robi\u0107, \u017ceby si\u0119 nie narobi\u0107 oraz jak osi\u0105ga\u0107 cele przez sam\u0105 afirmacj\u0119 po\u017c\u0105danego skutku, bo nie mam poj\u0119cia jak to zrobi\u0107 i w og\u00f3le mnie to nie interesuje.<\/p>\n<p>Spr\u00f3buj\u0119 Ci natomiast pom\u00f3c w ogarni\u0119ciu chaosu i obrania dobrej \u015bcie\u017cki, kt\u00f3r\u0105 b\u0119dziesz kroczy\u0107. A je\u015bli zacz\u0105\u0142e\u015b ju\u017c ni\u0105 kroczy\u0107, ale uwiera Ci\u0119 jaki\u015b kamie\u0144 w bucie, postaram si\u0119 pokaza\u0107, gdzie mo\u017ce by\u0107 problem. Poka\u017c\u0119 Ci moje dziesi\u0119\u0107 krok\u00f3w na rozbieg, z poziomu zero.<\/p>\n<p><strong>Dla kogo nie jest przeznaczony ,,Biznes prawny od \u015brodka. 10 krok\u00f3w na rozbieg\u2019\u2019?<\/strong><\/p>\n<p>W pierwszej kolejno\u015bci tematycznie. E-book nie jest dla os\u00f3b, kt\u00f3re poszukuj\u0105 pozycji odpowiadaj\u0105cej im na pytania zwi\u0105zane z formaln\u0105 stron\u0105 zak\u0142adania w\u0142asnego biznesu prawnego. Nie znajdziesz tu r\u00f3wnie\u017c tre\u015bci dotycz\u0105cych budowania marki kancelarii czy marki osobistej. Nie b\u0119dzie tu rad na temat tego, gdzie jest Tw\u00f3j klient docelowy i jak do niego dotrze\u0107. B\u0119d\u0119 o tym wspomina\u0107 po\u015brednio, ale w ramach opisywania szerszego procesu tworzenia biznesu prawnego.<\/p>\n<p>Ksi\u0105\u017cka ta mo\u017ce mie\u0107 r\u00f3wnie\u017c ograniczon\u0105 przydatno\u015b\u0107 dla kancelarii korporacyjnych i podmiot\u00f3w du\u017cej skali, kt\u00f3rych uzdrawianie wymaga szczeg\u00f3\u0142owej analizy funkcjonuj\u0105cych w niej proces\u00f3w. Cho\u0107 przyznam, \u017ce mo\u017ce by\u0107 przydatna dla ich w\u0142a\u015bcicieli, je\u015bli do g\u0142owy przychodz\u0105 im my\u015bli kwestionuj\u0105ce sens ca\u0142ego przedsi\u0119wzi\u0119cia.<\/p>\n<p>A w drugiej tre\u015bciowo, e-book nie jest dla os\u00f3b, kt\u00f3rych ambicj\u0105 jest przede wszystkim zbudowanie swojej kancelarii szybko i zaraz. Tre\u015bci w nim zawarte mog\u0105 nie ucieszy\u0107 os\u00f3b, szukaj\u0105cych formu\u0142y na spektakularne efekty, kt\u00f3re nast\u0119puj\u0105 natychmiast, a najp\u00f3\u017aniej tydzie\u0144 po podj\u0119ciu okre\u015blonego dzia\u0142ania. Nie ma tu magicznych formu\u0142 na pozbawione wysi\u0142ku realizowanie cel\u00f3w, ale s\u0105 informacje o tym, jak nie robi\u0107 rzeczy w spos\u00f3b, kt\u00f3ry do niczego nie prowadzi, a Ty po\u015bwi\u0119casz czas. Jest w nim sporo o planowaniu i organizacji, ale takich realnych, a nie z kosmosu.<\/p>\n<p>E-book jest dla os\u00f3b, kt\u00f3re chc\u0105 si\u0119 wzi\u0105\u0107 do pracy.<\/p>\n<p><strong>Spis tre\u015bci znajdziesz w galerii obraz\u00f3w pod ok\u0142adk\u0105.<\/strong><\/p>\n","protected":false},"excerpt":{"rendered":"<p>E-book ,,Biznes prawny od \u015brodka. 10 krok\u00f3w na rozbieg\u2019\u2019 E-book pt. ,,Biznes prawny od \u015brodka. 10 krok\u00f3w na rozbieg\u2019\u2019 autorstwa Adwokat Joanny Lubeckiej to publikacja, kt\u00f3ra pokazuje kulisy budowania biznesu prawnego z poziomu zero. Jej celem jest prezentacja 10 krok\u00f3w rozwojowych pozwalaj\u0105cych na stworzenie w\u0142asnej kancelarii prawnej, kt\u00f3ra b\u0119dzie zmierza\u0142a w dobrym kierunku. Ca\u0142y proces [&hellip;]<\/p>\n","protected":false},"featured_media":2597,"template":"","meta":{"_acf_changed":false,"inline_featured_image":false},"product_brand":[],"product_cat":[47],"product_tag":[],"class_list":{"0":"post-2594","1":"product","2":"type-product","3":"status-publish","4":"has-post-thumbnail","6":"product_cat-bez-kategorii","8":"first","9":"instock","10":"downloadable","11":"taxable","12":"shipping-taxable","13":"purchasable","14":"product-type-simple"},"acf":[],"yoast_head":"<!-- This site is optimized with the Yoast SEO plugin v27.5 - https:\/\/yoast.com\/product\/yoast-seo-wordpress\/ -->\n<title>&quot;Biznes prawny od \u015brodka. 10 krok\u00f3w na rozbieg&quot; - e-book Joanny Lubeckiej - Law Firm Joanna Lubecka, Attorney at law \u2013 Pozna\u0144, Zielona G\u00f3ra<\/title>\n<meta name=\"robots\" content=\"index, follow, max-snippet:-1, max-image-preview:large, max-video-preview:-1\" \/>\n<link rel=\"canonical\" href=\"https:\/\/lubecka.law\/en\/produkt\/biznes-prawny-od-srodka\/\" \/>\n<meta property=\"og:locale\" content=\"en_US\" \/>\n<meta property=\"og:type\" content=\"article\" \/>\n<meta property=\"og:title\" content=\"&quot;Biznes prawny od \u015brodka. 10 krok\u00f3w na rozbieg&quot; - e-book Joanny Lubeckiej - Law Firm Joanna Lubecka, Attorney at law \u2013 Pozna\u0144, Zielona G\u00f3ra\" \/>\n<meta property=\"og:description\" content=\"E-book ,,Biznes prawny od \u015brodka. 10 krok\u00f3w na rozbieg\u2019\u2019 E-book pt. ,,Biznes prawny od \u015brodka. 10 krok\u00f3w na rozbieg\u2019\u2019 autorstwa Adwokat Joanny Lubeckiej to publikacja, kt\u00f3ra pokazuje kulisy budowania biznesu prawnego z poziomu zero. Jej celem jest prezentacja 10 krok\u00f3w rozwojowych pozwalaj\u0105cych na stworzenie w\u0142asnej kancelarii prawnej, kt\u00f3ra b\u0119dzie zmierza\u0142a w dobrym kierunku. Ca\u0142y proces [&hellip;]\" \/>\n<meta property=\"og:url\" content=\"https:\/\/lubecka.law\/en\/produkt\/biznes-prawny-od-srodka\/\" \/>\n<meta property=\"og:site_name\" content=\"Law Firm Joanna Lubecka, Attorney at law \u2013 Pozna\u0144, Zielona G\u00f3ra\" \/>\n<meta property=\"article:modified_time\" content=\"2024-02-23T09:32:03+00:00\" \/>\n<meta property=\"og:image\" content=\"https:\/\/lubecka.law\/wp-content\/uploads\/2023\/10\/Joanna_Lubecka_okladka_e-book_biznes_prawny_sklep2.jpg\" \/>\n\t<meta property=\"og:image:width\" content=\"764\" \/>\n\t<meta property=\"og:image:height\" content=\"1093\" \/>\n\t<meta property=\"og:image:type\" content=\"image\/jpeg\" \/>\n<meta name=\"twitter:card\" content=\"summary_large_image\" \/>\n<meta name=\"twitter:label1\" content=\"Est. reading time\" \/>\n\t<meta name=\"twitter:data1\" content=\"5 minutes\" \/>\n<script type=\"application\/ld+json\" class=\"yoast-schema-graph\">{\"@context\":\"https:\\\/\\\/schema.org\",\"@graph\":[{\"@type\":\"WebPage\",\"@id\":\"https:\\\/\\\/lubecka.law\\\/en\\\/produkt\\\/biznes-prawny-od-srodka\\\/\",\"url\":\"https:\\\/\\\/lubecka.law\\\/en\\\/produkt\\\/biznes-prawny-od-srodka\\\/\",\"name\":\"\\\"Biznes prawny od \u015brodka. 10 krok\u00f3w na rozbieg\\\" - e-book Joanny Lubeckiej - Law Firm Joanna Lubecka, Attorney at law \u2013 Pozna\u0144, Zielona G\u00f3ra\",\"isPartOf\":{\"@id\":\"https:\\\/\\\/lubecka.law\\\/en\\\/#website\"},\"primaryImageOfPage\":{\"@id\":\"https:\\\/\\\/lubecka.law\\\/en\\\/produkt\\\/biznes-prawny-od-srodka\\\/#primaryimage\"},\"image\":{\"@id\":\"https:\\\/\\\/lubecka.law\\\/en\\\/produkt\\\/biznes-prawny-od-srodka\\\/#primaryimage\"},\"thumbnailUrl\":\"https:\\\/\\\/lubecka.law\\\/wp-content\\\/uploads\\\/2023\\\/10\\\/Joanna_Lubecka_okladka_e-book_biznes_prawny_sklep2.jpg\",\"datePublished\":\"2023-10-23T13:08:44+00:00\",\"dateModified\":\"2024-02-23T09:32:03+00:00\",\"breadcrumb\":{\"@id\":\"https:\\\/\\\/lubecka.law\\\/en\\\/produkt\\\/biznes-prawny-od-srodka\\\/#breadcrumb\"},\"inLanguage\":\"en-US\",\"potentialAction\":[{\"@type\":\"ReadAction\",\"target\":[\"https:\\\/\\\/lubecka.law\\\/en\\\/produkt\\\/biznes-prawny-od-srodka\\\/\"]}]},{\"@type\":\"ImageObject\",\"inLanguage\":\"en-US\",\"@id\":\"https:\\\/\\\/lubecka.law\\\/en\\\/produkt\\\/biznes-prawny-od-srodka\\\/#primaryimage\",\"url\":\"https:\\\/\\\/lubecka.law\\\/wp-content\\\/uploads\\\/2023\\\/10\\\/Joanna_Lubecka_okladka_e-book_biznes_prawny_sklep2.jpg\",\"contentUrl\":\"https:\\\/\\\/lubecka.law\\\/wp-content\\\/uploads\\\/2023\\\/10\\\/Joanna_Lubecka_okladka_e-book_biznes_prawny_sklep2.jpg\",\"width\":764,\"height\":1093},{\"@type\":\"BreadcrumbList\",\"@id\":\"https:\\\/\\\/lubecka.law\\\/en\\\/produkt\\\/biznes-prawny-od-srodka\\\/#breadcrumb\",\"itemListElement\":[{\"@type\":\"ListItem\",\"position\":1,\"name\":\"Home page\",\"item\":\"https:\\\/\\\/lubecka.law\\\/en\\\/\"},{\"@type\":\"ListItem\",\"position\":2,\"name\":\"Sklep\",\"item\":\"https:\\\/\\\/lubecka.law\\\/sklep\\\/\"},{\"@type\":\"ListItem\",\"position\":3,\"name\":\"&#8222;Biznes prawny od \u015brodka. 10 krok\u00f3w na rozbieg&#8221; &#8211; e-book Joanny Lubeckiej\"}]},{\"@type\":\"WebSite\",\"@id\":\"https:\\\/\\\/lubecka.law\\\/en\\\/#website\",\"url\":\"https:\\\/\\\/lubecka.law\\\/en\\\/\",\"name\":\"Law Firm Joanna Lubecka, Attorney at law \u2013 Pozna\u0144, Zielona G\u00f3ra\",\"description\":\"\",\"potentialAction\":[{\"@type\":\"SearchAction\",\"target\":{\"@type\":\"EntryPoint\",\"urlTemplate\":\"https:\\\/\\\/lubecka.law\\\/en\\\/?s={search_term_string}\"},\"query-input\":{\"@type\":\"PropertyValueSpecification\",\"valueRequired\":true,\"valueName\":\"search_term_string\"}}],\"inLanguage\":\"en-US\"}]}<\/script>\n<!-- \/ Yoast SEO plugin. -->","yoast_head_json":{"title":"\"Biznes prawny od \u015brodka. 10 krok\u00f3w na rozbieg\" - e-book Joanny Lubeckiej - Law Firm Joanna Lubecka, Attorney at law \u2013 Pozna\u0144, Zielona G\u00f3ra","robots":{"index":"index","follow":"follow","max-snippet":"max-snippet:-1","max-image-preview":"max-image-preview:large","max-video-preview":"max-video-preview:-1"},"canonical":"https:\/\/lubecka.law\/en\/produkt\/biznes-prawny-od-srodka\/","og_locale":"en_US","og_type":"article","og_title":"\"Biznes prawny od \u015brodka. 10 krok\u00f3w na rozbieg\" - e-book Joanny Lubeckiej - Law Firm Joanna Lubecka, Attorney at law \u2013 Pozna\u0144, Zielona G\u00f3ra","og_description":"E-book ,,Biznes prawny od \u015brodka. 10 krok\u00f3w na rozbieg\u2019\u2019 E-book pt. ,,Biznes prawny od \u015brodka. 10 krok\u00f3w na rozbieg\u2019\u2019 autorstwa Adwokat Joanny Lubeckiej to publikacja, kt\u00f3ra pokazuje kulisy budowania biznesu prawnego z poziomu zero. Jej celem jest prezentacja 10 krok\u00f3w rozwojowych pozwalaj\u0105cych na stworzenie w\u0142asnej kancelarii prawnej, kt\u00f3ra b\u0119dzie zmierza\u0142a w dobrym kierunku. Ca\u0142y proces [&hellip;]","og_url":"https:\/\/lubecka.law\/en\/produkt\/biznes-prawny-od-srodka\/","og_site_name":"Law Firm Joanna Lubecka, Attorney at law \u2013 Pozna\u0144, Zielona G\u00f3ra","article_modified_time":"2024-02-23T09:32:03+00:00","og_image":[{"width":764,"height":1093,"url":"https:\/\/lubecka.law\/wp-content\/uploads\/2023\/10\/Joanna_Lubecka_okladka_e-book_biznes_prawny_sklep2.jpg","type":"image\/jpeg"}],"twitter_card":"summary_large_image","twitter_misc":{"Est. reading time":"5 minutes"},"schema":{"@context":"https:\/\/schema.org","@graph":[{"@type":"WebPage","@id":"https:\/\/lubecka.law\/en\/produkt\/biznes-prawny-od-srodka\/","url":"https:\/\/lubecka.law\/en\/produkt\/biznes-prawny-od-srodka\/","name":"\"Biznes prawny od \u015brodka. 10 krok\u00f3w na rozbieg\" - e-book Joanny Lubeckiej - Law Firm Joanna Lubecka, Attorney at law \u2013 Pozna\u0144, Zielona G\u00f3ra","isPartOf":{"@id":"https:\/\/lubecka.law\/en\/#website"},"primaryImageOfPage":{"@id":"https:\/\/lubecka.law\/en\/produkt\/biznes-prawny-od-srodka\/#primaryimage"},"image":{"@id":"https:\/\/lubecka.law\/en\/produkt\/biznes-prawny-od-srodka\/#primaryimage"},"thumbnailUrl":"https:\/\/lubecka.law\/wp-content\/uploads\/2023\/10\/Joanna_Lubecka_okladka_e-book_biznes_prawny_sklep2.jpg","datePublished":"2023-10-23T13:08:44+00:00","dateModified":"2024-02-23T09:32:03+00:00","breadcrumb":{"@id":"https:\/\/lubecka.law\/en\/produkt\/biznes-prawny-od-srodka\/#breadcrumb"},"inLanguage":"en-US","potentialAction":[{"@type":"ReadAction","target":["https:\/\/lubecka.law\/en\/produkt\/biznes-prawny-od-srodka\/"]}]},{"@type":"ImageObject","inLanguage":"en-US","@id":"https:\/\/lubecka.law\/en\/produkt\/biznes-prawny-od-srodka\/#primaryimage","url":"https:\/\/lubecka.law\/wp-content\/uploads\/2023\/10\/Joanna_Lubecka_okladka_e-book_biznes_prawny_sklep2.jpg","contentUrl":"https:\/\/lubecka.law\/wp-content\/uploads\/2023\/10\/Joanna_Lubecka_okladka_e-book_biznes_prawny_sklep2.jpg","width":764,"height":1093},{"@type":"BreadcrumbList","@id":"https:\/\/lubecka.law\/en\/produkt\/biznes-prawny-od-srodka\/#breadcrumb","itemListElement":[{"@type":"ListItem","position":1,"name":"Home page","item":"https:\/\/lubecka.law\/en\/"},{"@type":"ListItem","position":2,"name":"Sklep","item":"https:\/\/lubecka.law\/sklep\/"},{"@type":"ListItem","position":3,"name":"&#8222;Biznes prawny od \u015brodka. 10 krok\u00f3w na rozbieg&#8221; &#8211; e-book Joanny Lubeckiej"}]},{"@type":"WebSite","@id":"https:\/\/lubecka.law\/en\/#website","url":"https:\/\/lubecka.law\/en\/","name":"Law Firm Joanna Lubecka, Attorney at law \u2013 Pozna\u0144, Zielona G\u00f3ra","description":"","potentialAction":[{"@type":"SearchAction","target":{"@type":"EntryPoint","urlTemplate":"https:\/\/lubecka.law\/en\/?s={search_term_string}"},"query-input":{"@type":"PropertyValueSpecification","valueRequired":true,"valueName":"search_term_string"}}],"inLanguage":"en-US"}]}},"_links":{"self":[{"href":"https:\/\/lubecka.law\/en\/wp-json\/wp\/v2\/product\/2594","targetHints":{"allow":["GET"]}}],"collection":[{"href":"https:\/\/lubecka.law\/en\/wp-json\/wp\/v2\/product"}],"about":[{"href":"https:\/\/lubecka.law\/en\/wp-json\/wp\/v2\/types\/product"}],"wp:featuredmedia":[{"embeddable":true,"href":"https:\/\/lubecka.law\/en\/wp-json\/wp\/v2\/media\/2597"}],"wp:attachment":[{"href":"https:\/\/lubecka.law\/en\/wp-json\/wp\/v2\/media?parent=2594"}],"wp:term":[{"taxonomy":"product_brand","embeddable":true,"href":"https:\/\/lubecka.law\/en\/wp-json\/wp\/v2\/product_brand?post=2594"},{"taxonomy":"product_cat","embeddable":true,"href":"https:\/\/lubecka.law\/en\/wp-json\/wp\/v2\/product_cat?post=2594"},{"taxonomy":"product_tag","embeddable":true,"href":"https:\/\/lubecka.law\/en\/wp-json\/wp\/v2\/product_tag?post=2594"}],"curies":[{"name":"wp","href":"https:\/\/api.w.org\/{rel}","templated":true}]}}