{"id":4464,"date":"2026-04-30T13:36:20","date_gmt":"2026-04-30T11:36:20","guid":{"rendered":"https:\/\/lubecka.law\/?post_type=product&#038;p=4464"},"modified":"2026-05-01T00:10:56","modified_gmt":"2026-04-30T22:10:56","slug":"zanim-podpiszesz-umowe-dystrybucyjna-bezplatny-minibook","status":"publish","type":"product","link":"https:\/\/lubecka.law\/en\/produkt\/zanim-podpiszesz-umowe-dystrybucyjna-bezplatny-minibook\/","title":{"rendered":"&#8220;Zanim podpiszesz umow\u0119 dystrybucyjn\u0105&#8221; &#8211; bezp\u0142atny minibook"},"content":{"rendered":"<p><strong>Minibook ,,Zanim podpiszesz umow\u0119 dystrybucyjn\u0105\u2019\u2019<\/strong><\/p>\n<p>Praktyczne zestawienie postanowie\u0144, kt\u00f3re warto przeanalizowa\u0107 przed zawarciem umowy, aby upewni\u0107 si\u0119, ze jej tre\u015b\u0107 odpowiada Twojemu modelowi biznesowemu i poziomowi ryzyka, kt\u00f3ry jeste\u015b got\u00f3w zaakceptowa\u0107.<\/p>\n<p><strong>Umowa dystrybucyjna \u2013 kilka s\u0142\u00f3w wst\u0119pu<\/strong><\/p>\n<p>Podstawowym dokumentem reguluj\u0105cym zasady wsp\u00f3\u0142pracy pomi\u0119dzy producentem, a dystrybutorem jest umowa dystrybucyjna. Czasem jest kr\u00f3tsza, czasem d\u0142u\u017csza, ale zawsze wymaga uwagi, jako jeden z element\u00f3w planowania okre\u015blonego przedsi\u0119wzi\u0119cia biznesowego, wsp\u00f3\u0142pracy czy ekspansji na rynki zagraniczne. Przygotowali\u015bmy zestawienie 17 kluczowych klauzul w umowie dystrybucyjnej z perspektywy polskich producent\u00f3w i dystrybutor\u00f3w. Zanim jednak przejdziemy do konkret\u00f3w, kilka praktycznych uwag o samym procesie zawierania tego rodzaju um\u00f3w.<\/p>\n<p><strong>Jak korzysta\u0107 z tej checklisty?<\/strong><\/p>\n<p>Ta lista obejmuje 17 kluczowych obszar\u00f3w, kt\u00f3re w praktyce najcz\u0119\u015bciej decyduj\u0105 o poziomie ryzyka, odpowiedzialno\u015bci oraz realnej kontroli nad modelem dystrybucji, zar\u00f3wno w obrocie krajowym, jak i mi\u0119dzynarodowym. Mo\u017cesz wykorzysta\u0107 ja jako narz\u0119dzie robocze:<\/p>\n<p>\u25aa przejd\u017a przez ka\u017cdy punkt przy analizie swojej obecnej umowy,<\/p>\n<p>\u25aa sprawd\u017a, kt\u00f3re kwestie s\u0105 uregulowane precyzyjnie, a kt\u00f3re wymagaj\u0105 wi\u0119kszej uwagi,<\/p>\n<p>\u25aa ocen, czy zapisy odpowiadaj\u0105 Twojemu modelowi biznesowemu i aktualnej pozycji negocjacyjnej.<\/p>\n<p><strong>Czy minibook jest darmowy?<\/strong><\/p>\n<p>Tak, ta publikacja jest darmowa &#8211; wystarczy klikn\u0105\u0107 w przycisk &#8220;Pobierz&#8221; by uzyska\u0107 do niej dost\u0119p. Udanej lektury!<\/p>\n","protected":false},"excerpt":{"rendered":"<p>Minibook ,,Zanim podpiszesz umow\u0119 dystrybucyjn\u0105\u2019\u2019 Praktyczne zestawienie postanowie\u0144, kt\u00f3re warto przeanalizowa\u0107 przed zawarciem umowy, aby upewni\u0107 si\u0119, ze jej tre\u015b\u0107 odpowiada Twojemu modelowi biznesowemu i poziomowi ryzyka, kt\u00f3ry jeste\u015b got\u00f3w zaakceptowa\u0107. Umowa dystrybucyjna \u2013 kilka s\u0142\u00f3w wst\u0119pu Podstawowym dokumentem reguluj\u0105cym zasady wsp\u00f3\u0142pracy pomi\u0119dzy producentem, a dystrybutorem jest umowa dystrybucyjna. Czasem jest kr\u00f3tsza, czasem d\u0142u\u017csza, ale [&hellip;]<\/p>\n","protected":false},"featured_media":4467,"template":"","meta":{"_acf_changed":false,"inline_featured_image":false},"product_brand":[],"product_cat":[47],"product_tag":[],"class_list":{"0":"post-4464","1":"product","2":"type-product","3":"status-publish","4":"has-post-thumbnail","6":"product_cat-bez-kategorii","8":"first","9":"instock","10":"taxable","11":"shipping-taxable","12":"purchasable","13":"product-type-simple"},"acf":[],"yoast_head":"<!-- This site is optimized with the Yoast SEO plugin v27.5 - https:\/\/yoast.com\/product\/yoast-seo-wordpress\/ -->\n<title>&quot;Zanim podpiszesz umow\u0119 dystrybucyjn\u0105&quot; - bezp\u0142atny minibook - Law Firm Joanna Lubecka, Attorney at law \u2013 Pozna\u0144, Zielona G\u00f3ra<\/title>\n<meta name=\"robots\" content=\"index, follow, max-snippet:-1, max-image-preview:large, max-video-preview:-1\" \/>\n<link rel=\"canonical\" href=\"https:\/\/lubecka.law\/en\/produkt\/zanim-podpiszesz-umowe-dystrybucyjna-bezplatny-minibook\/\" \/>\n<meta property=\"og:locale\" content=\"en_US\" \/>\n<meta property=\"og:type\" content=\"article\" \/>\n<meta property=\"og:title\" content=\"&quot;Zanim podpiszesz umow\u0119 dystrybucyjn\u0105&quot; - bezp\u0142atny minibook - Law Firm Joanna Lubecka, Attorney at law \u2013 Pozna\u0144, Zielona G\u00f3ra\" \/>\n<meta property=\"og:description\" content=\"Minibook ,,Zanim podpiszesz umow\u0119 dystrybucyjn\u0105\u2019\u2019 Praktyczne zestawienie postanowie\u0144, kt\u00f3re warto przeanalizowa\u0107 przed zawarciem umowy, aby upewni\u0107 si\u0119, ze jej tre\u015b\u0107 odpowiada Twojemu modelowi biznesowemu i poziomowi ryzyka, kt\u00f3ry jeste\u015b got\u00f3w zaakceptowa\u0107. Umowa dystrybucyjna \u2013 kilka s\u0142\u00f3w wst\u0119pu Podstawowym dokumentem reguluj\u0105cym zasady wsp\u00f3\u0142pracy pomi\u0119dzy producentem, a dystrybutorem jest umowa dystrybucyjna. Czasem jest kr\u00f3tsza, czasem d\u0142u\u017csza, ale [&hellip;]\" \/>\n<meta property=\"og:url\" content=\"https:\/\/lubecka.law\/en\/produkt\/zanim-podpiszesz-umowe-dystrybucyjna-bezplatny-minibook\/\" \/>\n<meta property=\"og:site_name\" content=\"Law Firm Joanna Lubecka, Attorney at law \u2013 Pozna\u0144, Zielona G\u00f3ra\" \/>\n<meta property=\"article:modified_time\" content=\"2026-04-30T22:10:56+00:00\" \/>\n<meta property=\"og:image\" content=\"https:\/\/lubecka.law\/wp-content\/uploads\/2026\/04\/Joanna_Lubecka_Zanim_podpiszesz_umowe_dystrybucyjna_minibook_okladka-min.jpg\" \/>\n\t<meta property=\"og:image:width\" content=\"874\" \/>\n\t<meta property=\"og:image:height\" content=\"1093\" \/>\n\t<meta property=\"og:image:type\" content=\"image\/jpeg\" \/>\n<meta name=\"twitter:card\" content=\"summary_large_image\" \/>\n<meta name=\"twitter:label1\" content=\"Est. reading time\" \/>\n\t<meta name=\"twitter:data1\" content=\"2 minutes\" \/>\n<script type=\"application\/ld+json\" class=\"yoast-schema-graph\">{\"@context\":\"https:\\\/\\\/schema.org\",\"@graph\":[{\"@type\":\"WebPage\",\"@id\":\"https:\\\/\\\/lubecka.law\\\/en\\\/produkt\\\/zanim-podpiszesz-umowe-dystrybucyjna-bezplatny-minibook\\\/\",\"url\":\"https:\\\/\\\/lubecka.law\\\/en\\\/produkt\\\/zanim-podpiszesz-umowe-dystrybucyjna-bezplatny-minibook\\\/\",\"name\":\"\\\"Zanim podpiszesz umow\u0119 dystrybucyjn\u0105\\\" - bezp\u0142atny minibook - Law Firm Joanna Lubecka, Attorney at law \u2013 Pozna\u0144, Zielona G\u00f3ra\",\"isPartOf\":{\"@id\":\"https:\\\/\\\/lubecka.law\\\/en\\\/#website\"},\"primaryImageOfPage\":{\"@id\":\"https:\\\/\\\/lubecka.law\\\/en\\\/produkt\\\/zanim-podpiszesz-umowe-dystrybucyjna-bezplatny-minibook\\\/#primaryimage\"},\"image\":{\"@id\":\"https:\\\/\\\/lubecka.law\\\/en\\\/produkt\\\/zanim-podpiszesz-umowe-dystrybucyjna-bezplatny-minibook\\\/#primaryimage\"},\"thumbnailUrl\":\"https:\\\/\\\/lubecka.law\\\/wp-content\\\/uploads\\\/2026\\\/04\\\/Joanna_Lubecka_Zanim_podpiszesz_umowe_dystrybucyjna_minibook_okladka-min.jpg\",\"datePublished\":\"2026-04-30T11:36:20+00:00\",\"dateModified\":\"2026-04-30T22:10:56+00:00\",\"breadcrumb\":{\"@id\":\"https:\\\/\\\/lubecka.law\\\/en\\\/produkt\\\/zanim-podpiszesz-umowe-dystrybucyjna-bezplatny-minibook\\\/#breadcrumb\"},\"inLanguage\":\"en-US\",\"potentialAction\":[{\"@type\":\"ReadAction\",\"target\":[\"https:\\\/\\\/lubecka.law\\\/en\\\/produkt\\\/zanim-podpiszesz-umowe-dystrybucyjna-bezplatny-minibook\\\/\"]}]},{\"@type\":\"ImageObject\",\"inLanguage\":\"en-US\",\"@id\":\"https:\\\/\\\/lubecka.law\\\/en\\\/produkt\\\/zanim-podpiszesz-umowe-dystrybucyjna-bezplatny-minibook\\\/#primaryimage\",\"url\":\"https:\\\/\\\/lubecka.law\\\/wp-content\\\/uploads\\\/2026\\\/04\\\/Joanna_Lubecka_Zanim_podpiszesz_umowe_dystrybucyjna_minibook_okladka-min.jpg\",\"contentUrl\":\"https:\\\/\\\/lubecka.law\\\/wp-content\\\/uploads\\\/2026\\\/04\\\/Joanna_Lubecka_Zanim_podpiszesz_umowe_dystrybucyjna_minibook_okladka-min.jpg\",\"width\":874,\"height\":1093},{\"@type\":\"BreadcrumbList\",\"@id\":\"https:\\\/\\\/lubecka.law\\\/en\\\/produkt\\\/zanim-podpiszesz-umowe-dystrybucyjna-bezplatny-minibook\\\/#breadcrumb\",\"itemListElement\":[{\"@type\":\"ListItem\",\"position\":1,\"name\":\"Home page\",\"item\":\"https:\\\/\\\/lubecka.law\\\/en\\\/\"},{\"@type\":\"ListItem\",\"position\":2,\"name\":\"Sklep\",\"item\":\"https:\\\/\\\/lubecka.law\\\/sklep\\\/\"},{\"@type\":\"ListItem\",\"position\":3,\"name\":\"&#8222;Zanim podpiszesz umow\u0119 dystrybucyjn\u0105&#8221; &#8211; bezp\u0142atny minibook\"}]},{\"@type\":\"WebSite\",\"@id\":\"https:\\\/\\\/lubecka.law\\\/en\\\/#website\",\"url\":\"https:\\\/\\\/lubecka.law\\\/en\\\/\",\"name\":\"Law Firm Joanna Lubecka, Attorney at law \u2013 Pozna\u0144, Zielona G\u00f3ra\",\"description\":\"\",\"potentialAction\":[{\"@type\":\"SearchAction\",\"target\":{\"@type\":\"EntryPoint\",\"urlTemplate\":\"https:\\\/\\\/lubecka.law\\\/en\\\/?s={search_term_string}\"},\"query-input\":{\"@type\":\"PropertyValueSpecification\",\"valueRequired\":true,\"valueName\":\"search_term_string\"}}],\"inLanguage\":\"en-US\"}]}<\/script>\n<!-- \/ Yoast SEO plugin. -->","yoast_head_json":{"title":"\"Zanim podpiszesz umow\u0119 dystrybucyjn\u0105\" - bezp\u0142atny minibook - Law Firm Joanna Lubecka, Attorney at law \u2013 Pozna\u0144, Zielona G\u00f3ra","robots":{"index":"index","follow":"follow","max-snippet":"max-snippet:-1","max-image-preview":"max-image-preview:large","max-video-preview":"max-video-preview:-1"},"canonical":"https:\/\/lubecka.law\/en\/produkt\/zanim-podpiszesz-umowe-dystrybucyjna-bezplatny-minibook\/","og_locale":"en_US","og_type":"article","og_title":"\"Zanim podpiszesz umow\u0119 dystrybucyjn\u0105\" - bezp\u0142atny minibook - Law Firm Joanna Lubecka, Attorney at law \u2013 Pozna\u0144, Zielona G\u00f3ra","og_description":"Minibook ,,Zanim podpiszesz umow\u0119 dystrybucyjn\u0105\u2019\u2019 Praktyczne zestawienie postanowie\u0144, kt\u00f3re warto przeanalizowa\u0107 przed zawarciem umowy, aby upewni\u0107 si\u0119, ze jej tre\u015b\u0107 odpowiada Twojemu modelowi biznesowemu i poziomowi ryzyka, kt\u00f3ry jeste\u015b got\u00f3w zaakceptowa\u0107. Umowa dystrybucyjna \u2013 kilka s\u0142\u00f3w wst\u0119pu Podstawowym dokumentem reguluj\u0105cym zasady wsp\u00f3\u0142pracy pomi\u0119dzy producentem, a dystrybutorem jest umowa dystrybucyjna. Czasem jest kr\u00f3tsza, czasem d\u0142u\u017csza, ale [&hellip;]","og_url":"https:\/\/lubecka.law\/en\/produkt\/zanim-podpiszesz-umowe-dystrybucyjna-bezplatny-minibook\/","og_site_name":"Law Firm Joanna Lubecka, Attorney at law \u2013 Pozna\u0144, Zielona G\u00f3ra","article_modified_time":"2026-04-30T22:10:56+00:00","og_image":[{"width":874,"height":1093,"url":"https:\/\/lubecka.law\/wp-content\/uploads\/2026\/04\/Joanna_Lubecka_Zanim_podpiszesz_umowe_dystrybucyjna_minibook_okladka-min.jpg","type":"image\/jpeg"}],"twitter_card":"summary_large_image","twitter_misc":{"Est. reading time":"2 minutes"},"schema":{"@context":"https:\/\/schema.org","@graph":[{"@type":"WebPage","@id":"https:\/\/lubecka.law\/en\/produkt\/zanim-podpiszesz-umowe-dystrybucyjna-bezplatny-minibook\/","url":"https:\/\/lubecka.law\/en\/produkt\/zanim-podpiszesz-umowe-dystrybucyjna-bezplatny-minibook\/","name":"\"Zanim podpiszesz umow\u0119 dystrybucyjn\u0105\" - bezp\u0142atny minibook - Law Firm Joanna Lubecka, Attorney at law \u2013 Pozna\u0144, Zielona G\u00f3ra","isPartOf":{"@id":"https:\/\/lubecka.law\/en\/#website"},"primaryImageOfPage":{"@id":"https:\/\/lubecka.law\/en\/produkt\/zanim-podpiszesz-umowe-dystrybucyjna-bezplatny-minibook\/#primaryimage"},"image":{"@id":"https:\/\/lubecka.law\/en\/produkt\/zanim-podpiszesz-umowe-dystrybucyjna-bezplatny-minibook\/#primaryimage"},"thumbnailUrl":"https:\/\/lubecka.law\/wp-content\/uploads\/2026\/04\/Joanna_Lubecka_Zanim_podpiszesz_umowe_dystrybucyjna_minibook_okladka-min.jpg","datePublished":"2026-04-30T11:36:20+00:00","dateModified":"2026-04-30T22:10:56+00:00","breadcrumb":{"@id":"https:\/\/lubecka.law\/en\/produkt\/zanim-podpiszesz-umowe-dystrybucyjna-bezplatny-minibook\/#breadcrumb"},"inLanguage":"en-US","potentialAction":[{"@type":"ReadAction","target":["https:\/\/lubecka.law\/en\/produkt\/zanim-podpiszesz-umowe-dystrybucyjna-bezplatny-minibook\/"]}]},{"@type":"ImageObject","inLanguage":"en-US","@id":"https:\/\/lubecka.law\/en\/produkt\/zanim-podpiszesz-umowe-dystrybucyjna-bezplatny-minibook\/#primaryimage","url":"https:\/\/lubecka.law\/wp-content\/uploads\/2026\/04\/Joanna_Lubecka_Zanim_podpiszesz_umowe_dystrybucyjna_minibook_okladka-min.jpg","contentUrl":"https:\/\/lubecka.law\/wp-content\/uploads\/2026\/04\/Joanna_Lubecka_Zanim_podpiszesz_umowe_dystrybucyjna_minibook_okladka-min.jpg","width":874,"height":1093},{"@type":"BreadcrumbList","@id":"https:\/\/lubecka.law\/en\/produkt\/zanim-podpiszesz-umowe-dystrybucyjna-bezplatny-minibook\/#breadcrumb","itemListElement":[{"@type":"ListItem","position":1,"name":"Home page","item":"https:\/\/lubecka.law\/en\/"},{"@type":"ListItem","position":2,"name":"Sklep","item":"https:\/\/lubecka.law\/sklep\/"},{"@type":"ListItem","position":3,"name":"&#8222;Zanim podpiszesz umow\u0119 dystrybucyjn\u0105&#8221; &#8211; bezp\u0142atny minibook"}]},{"@type":"WebSite","@id":"https:\/\/lubecka.law\/en\/#website","url":"https:\/\/lubecka.law\/en\/","name":"Law Firm Joanna Lubecka, Attorney at law \u2013 Pozna\u0144, Zielona G\u00f3ra","description":"","potentialAction":[{"@type":"SearchAction","target":{"@type":"EntryPoint","urlTemplate":"https:\/\/lubecka.law\/en\/?s={search_term_string}"},"query-input":{"@type":"PropertyValueSpecification","valueRequired":true,"valueName":"search_term_string"}}],"inLanguage":"en-US"}]}},"_links":{"self":[{"href":"https:\/\/lubecka.law\/en\/wp-json\/wp\/v2\/product\/4464","targetHints":{"allow":["GET"]}}],"collection":[{"href":"https:\/\/lubecka.law\/en\/wp-json\/wp\/v2\/product"}],"about":[{"href":"https:\/\/lubecka.law\/en\/wp-json\/wp\/v2\/types\/product"}],"wp:featuredmedia":[{"embeddable":true,"href":"https:\/\/lubecka.law\/en\/wp-json\/wp\/v2\/media\/4467"}],"wp:attachment":[{"href":"https:\/\/lubecka.law\/en\/wp-json\/wp\/v2\/media?parent=4464"}],"wp:term":[{"taxonomy":"product_brand","embeddable":true,"href":"https:\/\/lubecka.law\/en\/wp-json\/wp\/v2\/product_brand?post=4464"},{"taxonomy":"product_cat","embeddable":true,"href":"https:\/\/lubecka.law\/en\/wp-json\/wp\/v2\/product_cat?post=4464"},{"taxonomy":"product_tag","embeddable":true,"href":"https:\/\/lubecka.law\/en\/wp-json\/wp\/v2\/product_tag?post=4464"}],"curies":[{"name":"wp","href":"https:\/\/api.w.org\/{rel}","templated":true}]}}